{"id":5650013,"date":"2019-10-23T11:03:30","date_gmt":"2019-10-23T16:03:30","guid":{"rendered":"https:\/\/www.attractiondistribution.ca\/about-2\/"},"modified":"2020-03-02T09:37:56","modified_gmt":"2020-03-02T14:37:56","slug":"a-propos","status":"publish","type":"page","link":"https:\/\/www.attractiondistribution.ca\/fr\/a-propos\/","title":{"rendered":"\u00c0 propos"},"content":{"rendered":"[vc_row][vc_column]<div class=\"norebro-text-sc \" \n\tid=\"norebro-custom-69de299614506\" \n\t \n\t>\n\n\t<p>Attraction Distribution est un chef de file mondial dans la distribution de contenu divertissant de qualit\u00e9 pour toute la famille.<\/p>\n<p>Fond\u00e9 en 2003, anciennement connue sous le nom de Delphis Films, nous sommes un agent de ventes internationales bas\u00e9 \u00e0 Montr\u00e9al se sp\u00e9cialisant dans le co-financement, la promotion et la repr\u00e9sentation internationale de longs m\u00e9trages de qualit\u00e9 pour la famille et de programmation t\u00e9l\u00e9visuelle prim\u00e9e pour enfants. Notre catalogue se d\u00e9marque par sa grande collection de films en tous genres, d\u2019animations populaires, de s\u00e9ries jeunesse ainsi que de s\u00e9ries dramatiques de grande \u00e9coute et de formats originaux cr\u00e9\u00e9s par nos compagnies s\u0153urs et un r\u00e9seau de producteurs s\u2019\u00e9tendant aux quatre coins du globe qui partagent notre passion pour un contenu alliant qualit\u00e9 et divertissement. Notre \u00e9quipe se compose de v\u00e9t\u00e9rans de l\u2019industrie, apportant chacun leur expertise et leur savoir-faire \u00e0 l\u2019entreprise.<\/p>\n<p>Nous sommes membre du groupe <a href=\"http:\/\/attraction.ca\">Attraction<\/a>, un acteur incontournable dans l\u2019industrie des m\u00e9dias et du divertissement au Canada.<\/p>\n\t\n<\/div>[\/vc_column][\/vc_row][vc_row][vc_column][\/vc_column][\/vc_row]\n","protected":false},"excerpt":{"rendered":"<p>[vc_row][vc_column][\/vc_column][\/vc_row][vc_row][vc_column][\/vc_column][\/vc_row]<\/p>\n","protected":false},"author":2,"featured_media":5652050,"parent":0,"menu_order":0,"comment_status":"closed","ping_status":"closed","template":"","meta":[],"yoast_head":"<!-- This site is optimized with the Yoast SEO plugin v20.0 - https:\/\/yoast.com\/wordpress\/plugins\/seo\/ -->\n<title>\u00c0 propos - Attraction Distribution<\/title>\n<meta name=\"robots\" content=\"index, follow, max-snippet:-1, max-image-preview:large, max-video-preview:-1\" \/>\n<link rel=\"canonical\" href=\"https:\/\/www.attractiondistribution.ca\/fr\/a-propos\/\" \/>\n<meta property=\"og:locale\" content=\"fr_FR\" \/>\n<meta property=\"og:type\" content=\"article\" \/>\n<meta property=\"og:title\" content=\"\u00c0 propos - Attraction Distribution\" \/>\n<meta property=\"og:description\" content=\"[vc_row][vc_column][\/vc_column][\/vc_row][vc_row][vc_column][\/vc_column][\/vc_row]\" \/>\n<meta property=\"og:url\" content=\"https:\/\/www.attractiondistribution.ca\/fr\/a-propos\/\" \/>\n<meta property=\"og:site_name\" content=\"Attraction Distribution\" \/>\n<meta property=\"article:modified_time\" content=\"2020-03-02T14:37:56+00:00\" \/>\n<meta property=\"og:image\" content=\"https:\/\/www.attractiondistribution.ca\/wp-content\/uploads\/2020\/03\/accueil_1920.jpg\" \/>\n\t<meta property=\"og:image:width\" content=\"1920\" \/>\n\t<meta property=\"og:image:height\" content=\"1080\" \/>\n\t<meta property=\"og:image:type\" content=\"image\/jpeg\" \/>\n<meta name=\"twitter:card\" content=\"summary_large_image\" \/>\n<meta name=\"twitter:label1\" content=\"Dur\u00e9e de lecture estim\u00e9e\" \/>\n\t<meta name=\"twitter:data1\" content=\"1 minute\" \/>\n<script type=\"application\/ld+json\" class=\"yoast-schema-graph\">{\"@context\":\"https:\/\/schema.org\",\"@graph\":[{\"@type\":\"WebPage\",\"@id\":\"https:\/\/www.attractiondistribution.ca\/fr\/a-propos\/\",\"url\":\"https:\/\/www.attractiondistribution.ca\/fr\/a-propos\/\",\"name\":\"\u00c0 propos - Attraction Distribution\",\"isPartOf\":{\"@id\":\"https:\/\/www.attractiondistribution.ca\/#website\"},\"datePublished\":\"2019-10-23T16:03:30+00:00\",\"dateModified\":\"2020-03-02T14:37:56+00:00\",\"breadcrumb\":{\"@id\":\"https:\/\/www.attractiondistribution.ca\/fr\/a-propos\/#breadcrumb\"},\"inLanguage\":\"fr-FR\",\"potentialAction\":[{\"@type\":\"ReadAction\",\"target\":[\"https:\/\/www.attractiondistribution.ca\/fr\/a-propos\/\"]}]},{\"@type\":\"BreadcrumbList\",\"@id\":\"https:\/\/www.attractiondistribution.ca\/fr\/a-propos\/#breadcrumb\",\"itemListElement\":[{\"@type\":\"ListItem\",\"position\":1,\"name\":\"Accueil\",\"item\":\"https:\/\/www.attractiondistribution.ca\/fr\/\"},{\"@type\":\"ListItem\",\"position\":2,\"name\":\"\u00c0 propos\"}]},{\"@type\":\"WebSite\",\"@id\":\"https:\/\/www.attractiondistribution.ca\/#website\",\"url\":\"https:\/\/www.attractiondistribution.ca\/\",\"name\":\"Attraction Distribution\",\"description\":\"\",\"potentialAction\":[{\"@type\":\"SearchAction\",\"target\":{\"@type\":\"EntryPoint\",\"urlTemplate\":\"https:\/\/www.attractiondistribution.ca\/?s={search_term_string}\"},\"query-input\":\"required name=search_term_string\"}],\"inLanguage\":\"fr-FR\"}]}<\/script>\n<!-- \/ Yoast SEO plugin. -->","yoast_head_json":{"title":"\u00c0 propos - Attraction Distribution","robots":{"index":"index","follow":"follow","max-snippet":"max-snippet:-1","max-image-preview":"max-image-preview:large","max-video-preview":"max-video-preview:-1"},"canonical":"https:\/\/www.attractiondistribution.ca\/fr\/a-propos\/","og_locale":"fr_FR","og_type":"article","og_title":"\u00c0 propos - Attraction Distribution","og_description":"[vc_row][vc_column][\/vc_column][\/vc_row][vc_row][vc_column][\/vc_column][\/vc_row]","og_url":"https:\/\/www.attractiondistribution.ca\/fr\/a-propos\/","og_site_name":"Attraction Distribution","article_modified_time":"2020-03-02T14:37:56+00:00","og_image":[{"width":1920,"height":1080,"url":"https:\/\/www.attractiondistribution.ca\/wp-content\/uploads\/2020\/03\/accueil_1920.jpg","type":"image\/jpeg"}],"twitter_card":"summary_large_image","twitter_misc":{"Dur\u00e9e de lecture estim\u00e9e":"1 minute"},"schema":{"@context":"https:\/\/schema.org","@graph":[{"@type":"WebPage","@id":"https:\/\/www.attractiondistribution.ca\/fr\/a-propos\/","url":"https:\/\/www.attractiondistribution.ca\/fr\/a-propos\/","name":"\u00c0 propos - Attraction Distribution","isPartOf":{"@id":"https:\/\/www.attractiondistribution.ca\/#website"},"datePublished":"2019-10-23T16:03:30+00:00","dateModified":"2020-03-02T14:37:56+00:00","breadcrumb":{"@id":"https:\/\/www.attractiondistribution.ca\/fr\/a-propos\/#breadcrumb"},"inLanguage":"fr-FR","potentialAction":[{"@type":"ReadAction","target":["https:\/\/www.attractiondistribution.ca\/fr\/a-propos\/"]}]},{"@type":"BreadcrumbList","@id":"https:\/\/www.attractiondistribution.ca\/fr\/a-propos\/#breadcrumb","itemListElement":[{"@type":"ListItem","position":1,"name":"Accueil","item":"https:\/\/www.attractiondistribution.ca\/fr\/"},{"@type":"ListItem","position":2,"name":"\u00c0 propos"}]},{"@type":"WebSite","@id":"https:\/\/www.attractiondistribution.ca\/#website","url":"https:\/\/www.attractiondistribution.ca\/","name":"Attraction Distribution","description":"","potentialAction":[{"@type":"SearchAction","target":{"@type":"EntryPoint","urlTemplate":"https:\/\/www.attractiondistribution.ca\/?s={search_term_string}"},"query-input":"required name=search_term_string"}],"inLanguage":"fr-FR"}]}},"_links":{"self":[{"href":"https:\/\/www.attractiondistribution.ca\/fr\/wp-json\/wp\/v2\/pages\/5650013"}],"collection":[{"href":"https:\/\/www.attractiondistribution.ca\/fr\/wp-json\/wp\/v2\/pages"}],"about":[{"href":"https:\/\/www.attractiondistribution.ca\/fr\/wp-json\/wp\/v2\/types\/page"}],"author":[{"embeddable":true,"href":"https:\/\/www.attractiondistribution.ca\/fr\/wp-json\/wp\/v2\/users\/2"}],"replies":[{"embeddable":true,"href":"https:\/\/www.attractiondistribution.ca\/fr\/wp-json\/wp\/v2\/comments?post=5650013"}],"version-history":[{"count":5,"href":"https:\/\/www.attractiondistribution.ca\/fr\/wp-json\/wp\/v2\/pages\/5650013\/revisions"}],"predecessor-version":[{"id":5652052,"href":"https:\/\/www.attractiondistribution.ca\/fr\/wp-json\/wp\/v2\/pages\/5650013\/revisions\/5652052"}],"wp:featuredmedia":[{"embeddable":true,"href":"https:\/\/www.attractiondistribution.ca\/fr\/wp-json\/wp\/v2\/media\/5652050"}],"wp:attachment":[{"href":"https:\/\/www.attractiondistribution.ca\/fr\/wp-json\/wp\/v2\/media?parent=5650013"}],"curies":[{"name":"wp","href":"https:\/\/api.w.org\/{rel}","templated":true}]}}